{"id":2190,"date":"2019-09-05T14:59:45","date_gmt":"2019-09-05T14:59:45","guid":{"rendered":"https:\/\/cedric-pollet.com\/produit\/import-placeholder-for-1436"},"modified":"2023-07-13T08:34:52","modified_gmt":"2023-07-13T08:34:52","slug":"oeuvres-dart","status":"publish","type":"product","link":"https:\/\/cedric-pollet.com\/fr\/produit\/oeuvres-dart","title":{"rendered":"D\u00e9coration sur mesure"},"content":{"rendered":"<p>[et_pb_section fb_built=\u00a0\u00bb1&Prime; _builder_version=\u00a0\u00bb3.29.2&Prime; custom_margin=\u00a0\u00bb50px||||false|false\u00a0\u00bb custom_padding=\u00a0\u00bb0px||||false|false\u00a0\u00bb fb_built=\u00a0\u00bb1&Prime; _i=\u00a0\u00bb0&Prime; _address=\u00a0\u00bb0&Prime;][et_pb_row _builder_version=\u00a0\u00bb3.25&Prime; background_size=\u00a0\u00bbinitial\u00a0\u00bb background_position=\u00a0\u00bbtop_left\u00a0\u00bb background_repeat=\u00a0\u00bbrepeat\u00a0\u00bb width=\u00a0\u00bb100%\u00a0\u00bb custom_padding=\u00a0\u00bb0px||0px||false|false\u00a0\u00bb _i=\u00a0\u00bb0&Prime; _address=\u00a0\u00bb0.0&Prime;][et_pb_column type=\u00a0\u00bb4_4&Prime; _builder_version=\u00a0\u00bb3.25&Prime; custom_padding=\u00a0\u00bb|||\u00a0\u00bb _i=\u00a0\u00bb0&Prime; _address=\u00a0\u00bb0.0.0&Prime; custom_padding__hover=\u00a0\u00bb|||\u00a0\u00bb][et_pb_wc_cart_notice _builder_version=\u00a0\u00bb3.0.47&Prime; custom_button=\u00a0\u00bbon\u00a0\u00bb button_text_color=\u00a0\u00bb#dd9933&Prime; button_bg_color=\u00a0\u00bb#ffffff\u00a0\u00bb _i=\u00a0\u00bb0&Prime; _address=\u00a0\u00bb0.0.0.0&Prime; button_text_color__hover_enabled=\u00a0\u00bbon|hover\u00a0\u00bb button_bg_color__hover=\u00a0\u00bb#ffffff\u00a0\u00bb button_bg_color__hover_enabled=\u00a0\u00bbon|desktop\u00a0\u00bb button_bg_enable_color=\u00a0\u00bbon\u00a0\u00bb button_bg_enable_color__hover=\u00a0\u00bbon\u00a0\u00bb][\/et_pb_wc_cart_notice][\/et_pb_column][\/et_pb_row][et_pb_row column_structure=\u00a0\u00bb1_2,1_2&Prime; _builder_version=\u00a0\u00bb3.25&Prime; background_size=\u00a0\u00bbinitial\u00a0\u00bb background_position=\u00a0\u00bbtop_left\u00a0\u00bb background_repeat=\u00a0\u00bbrepeat\u00a0\u00bb width=\u00a0\u00bb100%\u00a0\u00bb custom_padding=\u00a0\u00bb0px||||false|false\u00a0\u00bb _i=\u00a0\u00bb1&Prime; _address=\u00a0\u00bb0.1&Prime;][et_pb_column type=\u00a0\u00bb1_2&Prime; _builder_version=\u00a0\u00bb3.25&Prime; custom_padding=\u00a0\u00bb|||\u00a0\u00bb _i=\u00a0\u00bb0&Prime; _address=\u00a0\u00bb0.1.0&Prime; custom_padding__hover=\u00a0\u00bb|||\u00a0\u00bb][et_pb_wc_images _builder_version=\u00a0\u00bb3.0.47&Prime; _i=\u00a0\u00bb0&Prime; _address=\u00a0\u00bb0.1.0.0&Prime;][\/et_pb_wc_images][\/et_pb_column][et_pb_column type=\u00a0\u00bb1_2&Prime; _builder_version=\u00a0\u00bb3.25&Prime; custom_padding=\u00a0\u00bb|||\u00a0\u00bb _i=\u00a0\u00bb1&Prime; _address=\u00a0\u00bb0.1.1&Prime; custom_padding__hover=\u00a0\u00bb|||\u00a0\u00bb][et_pb_wc_title _builder_version=\u00a0\u00bb3.0.47&Prime; header_font=\u00a0\u00bb|600|||||||\u00a0\u00bb header_text_color=\u00a0\u00bb#dd9933&Prime; _i=\u00a0\u00bb0&Prime; _address=\u00a0\u00bb0.1.1.0&Prime;][\/et_pb_wc_title][et_pb_wc_rating _builder_version=\u00a0\u00bb3.0.47&Prime; _i=\u00a0\u00bb1&Prime; _address=\u00a0\u00bb0.1.1.1&Prime;][\/et_pb_wc_rating][et_pb_wc_price _builder_version=\u00a0\u00bb3.29.2&Prime; custom_margin=\u00a0\u00bb||40px||false|false\u00a0\u00bb _i=\u00a0\u00bb2&Prime; _address=\u00a0\u00bb0.1.1.2&Prime;][\/et_pb_wc_price][et_pb_wc_description _builder_version=\u00a0\u00bb3.0.47&Prime; _i=\u00a0\u00bb3&Prime; _address=\u00a0\u00bb0.1.1.3&Prime;][\/et_pb_wc_description][et_pb_button button_url=\u00a0\u00bbhttps:\/\/cedric-pollet.com\/contact\u00a0\u00bb button_text=\u00a0\u00bbMe contacter\u00a0\u00bb button_alignment=\u00a0\u00bbcenter\u00a0\u00bb disabled_on=\u00a0\u00bboff|off|off\u00a0\u00bb _builder_version=\u00a0\u00bb3.29.2&Prime; custom_button=\u00a0\u00bbon\u00a0\u00bb button_text_size=\u00a0\u00bb16px\u00a0\u00bb button_text_color=\u00a0\u00bb#ffffff\u00a0\u00bb button_bg_color=\u00a0\u00bb#dd9933&Prime; button_border_width=\u00a0\u00bb0px\u00a0\u00bb button_icon=\u00a0\u00bb%%109%%\u00a0\u00bb custom_margin=\u00a0\u00bb||50px||false|false\u00a0\u00bb animation_style=\u00a0\u00bbslide\u00a0\u00bb animation_direction=\u00a0\u00bbleft\u00a0\u00bb animation_speed_curve=\u00a0\u00bbease-out\u00a0\u00bb _i=\u00a0\u00bb4&Prime; _address=\u00a0\u00bb0.1.1.4&Prime; button_bg_enable_color=\u00a0\u00bbon\u00a0\u00bb][\/et_pb_button][et_pb_wc_add_to_cart _builder_version=\u00a0\u00bb3.0.47&Prime; custom_button=\u00a0\u00bbon\u00a0\u00bb button_text_color=\u00a0\u00bb#ffffff\u00a0\u00bb button_bg_color=\u00a0\u00bb#dd9933&Prime; form_field_text_align=\u00a0\u00bbcenter\u00a0\u00bb form_field_background_color=\u00a0\u00bb#cccccc\u00a0\u00bb _i=\u00a0\u00bb5&Prime; _address=\u00a0\u00bb0.1.1.5&Prime; button_bg_enable_color=\u00a0\u00bbon\u00a0\u00bb][\/et_pb_wc_add_to_cart][et_pb_wc_meta _builder_version=\u00a0\u00bb3.0.47&Prime; _i=\u00a0\u00bb6&Prime; _address=\u00a0\u00bb0.1.1.6&Prime;][\/et_pb_wc_meta][\/et_pb_column][\/et_pb_row][et_pb_row _builder_version=\u00a0\u00bb3.25&Prime; background_size=\u00a0\u00bbinitial\u00a0\u00bb background_position=\u00a0\u00bbtop_left\u00a0\u00bb background_repeat=\u00a0\u00bbrepeat\u00a0\u00bb width=\u00a0\u00bb100%\u00a0\u00bb _i=\u00a0\u00bb2&Prime; _address=\u00a0\u00bb0.2&Prime;][et_pb_column type=\u00a0\u00bb4_4&Prime; _builder_version=\u00a0\u00bb3.25&Prime; custom_padding=\u00a0\u00bb|||\u00a0\u00bb _i=\u00a0\u00bb0&Prime; _address=\u00a0\u00bb0.2.0&Prime; custom_padding__hover=\u00a0\u00bb|||\u00a0\u00bb][et_pb_wc_tabs active_tab_background_color=\u00a0\u00bb#dd9933&Prime; active_tab_text_color=\u00a0\u00bb#ffffff\u00a0\u00bb disabled_on=\u00a0\u00bbon|on|on\u00a0\u00bb _builder_version=\u00a0\u00bb3.29.2&Prime; tab_text_color=\u00a0\u00bb#565656&Prime; disabled=\u00a0\u00bbon\u00a0\u00bb _i=\u00a0\u00bb0&Prime; _address=\u00a0\u00bb0.2.0.0&Prime;]\t\t\t\t\t[\/et_pb_wc_tabs][et_pb_wc_upsells _builder_version=\u00a0\u00bb3.0.47&Prime; _i=\u00a0\u00bb1&Prime; _address=\u00a0\u00bb0.2.0.1&Prime;][\/et_pb_wc_upsells][\/et_pb_column][\/et_pb_row][et_pb_row column_structure=\u00a0\u00bb1_3,1_3,1_3&Prime; _builder_version=\u00a0\u00bb3.27.3&Prime; max_width=\u00a0\u00bb1400px\u00a0\u00bb locked=\u00a0\u00bboff\u00a0\u00bb _i=\u00a0\u00bb3&Prime; _address=\u00a0\u00bb0.3&Prime;][et_pb_column type=\u00a0\u00bb1_3&Prime; _builder_version=\u00a0\u00bb3.27.3&Prime; _i=\u00a0\u00bb0&Prime; _address=\u00a0\u00bb0.3.0&Prime;][et_pb_cta title=\u00a0\u00bbLIVRES\u00a0\u00bb button_url=\u00a0\u00bbhttps:\/\/cedric-pollet.com\/boutique-livre\u00a0\u00bb button_text=\u00a0\u00bbParcourir\u00a0\u00bb _builder_version=\u00a0\u00bb3.29.2&Prime; header_font=\u00a0\u00bb|700|||||||\u00a0\u00bb header_text_color=\u00a0\u00bb#ffffff\u00a0\u00bb header_font_size=\u00a0\u00bb33px\u00a0\u00bb background_color=\u00a0\u00bbrgba(0,0,0,0.5)\u00a0\u00bb background_image=\u00a0\u00bbhttps:\/\/cedric-pollet.com\/wp-content\/uploads\/2019\/09\/cedricpollet-3ok.jpg\u00a0\u00bb background_blend=\u00a0\u00bbmultiply\u00a0\u00bb custom_button=\u00a0\u00bbon\u00a0\u00bb button_text_size=\u00a0\u00bb16px\u00a0\u00bb button_bg_color=\u00a0\u00bb#dd9933&Prime; button_border_width=\u00a0\u00bb0px\u00a0\u00bb button_bg_enable_color=\u00a0\u00bbon\u00a0\u00bb _i=\u00a0\u00bb0&Prime; _address=\u00a0\u00bb0.3.0.0&Prime;][\/et_pb_cta][\/et_pb_column][et_pb_column type=\u00a0\u00bb1_3&Prime; _builder_version=\u00a0\u00bb3.27.3&Prime; _i=\u00a0\u00bb1&Prime; _address=\u00a0\u00bb0.3.1&Prime;][et_pb_cta title=\u00a0\u00bbCARTERIE\u00a0\u00bb button_url=\u00a0\u00bbhttps:\/\/cedric-pollet.com\/boutique-carterie\u00a0\u00bb button_text=\u00a0\u00bbParcourir\u00a0\u00bb _builder_version=\u00a0\u00bb3.29.3&Prime; header_font=\u00a0\u00bb|700|||||||\u00a0\u00bb header_text_color=\u00a0\u00bb#ffffff\u00a0\u00bb header_font_size=\u00a0\u00bb33px\u00a0\u00bb background_color=\u00a0\u00bbrgba(0,0,0,0.5)\u00a0\u00bb background_image=\u00a0\u00bbhttps:\/\/cedric-pollet.com\/wp-content\/uploads\/2019\/09\/TEST.jpg\u00a0\u00bb background_blend=\u00a0\u00bbmultiply\u00a0\u00bb custom_button=\u00a0\u00bbon\u00a0\u00bb button_text_size=\u00a0\u00bb16px\u00a0\u00bb button_bg_color=\u00a0\u00bb#dd9933&Prime; button_border_width=\u00a0\u00bb0px\u00a0\u00bb hover_enabled=\u00a0\u00bb0&Prime; button_bg_enable_color=\u00a0\u00bbon\u00a0\u00bb _i=\u00a0\u00bb0&Prime; _address=\u00a0\u00bb0.3.1.0&Prime;][\/et_pb_cta][\/et_pb_column][et_pb_column type=\u00a0\u00bb1_3&Prime; _builder_version=\u00a0\u00bb3.27.3&Prime; _i=\u00a0\u00bb2&Prime; _address=\u00a0\u00bb0.3.2&Prime;][et_pb_cta title=\u00a0\u00bbTIRAGES\u00a0\u00bb button_url=\u00a0\u00bbhttps:\/\/cedric-pollet.com\/boutique-tirage\u00a0\u00bb button_text=\u00a0\u00bbParcourir\u00a0\u00bb _builder_version=\u00a0\u00bb3.29.3&Prime; header_font=\u00a0\u00bb|700|||||||\u00a0\u00bb header_text_color=\u00a0\u00bb#ffffff\u00a0\u00bb header_font_size=\u00a0\u00bb33px\u00a0\u00bb background_color=\u00a0\u00bbrgba(0,0,0,0.5)\u00a0\u00bb background_image=\u00a0\u00bbhttps:\/\/cedric-pollet.com\/wp-content\/uploads\/2019\/09\/tirageok3.jpg\u00a0\u00bb background_blend=\u00a0\u00bbmultiply\u00a0\u00bb custom_button=\u00a0\u00bbon\u00a0\u00bb button_text_size=\u00a0\u00bb16px\u00a0\u00bb button_bg_color=\u00a0\u00bb#dd9933&Prime; button_border_width=\u00a0\u00bb0px\u00a0\u00bb hover_enabled=\u00a0\u00bb0&Prime; locked=\u00a0\u00bboff\u00a0\u00bb button_bg_enable_color=\u00a0\u00bbon\u00a0\u00bb _i=\u00a0\u00bb0&Prime; _address=\u00a0\u00bb0.3.2.0&Prime;][\/et_pb_cta][\/et_pb_column][\/et_pb_row][\/et_pb_section]<\/p>\n","protected":false},"excerpt":{"rendered":"<p class=\"ydpbd77b2e6msonormal\" style=\"margin: 0cm; margin-bottom: .0001pt;\"><span style=\"font-size: 10.5pt; font-family: 'Arial',sans-serif; color: #666666;\">Vous avez un projet de d\u00e9coration, pour un espace public ou tout simplement pour vous m\u00eame. Vous souhaitez faire rentrer la beaut\u00e9 de la Nature dans votre int\u00e9rieur\u00a0?<\/span><\/p>\n<p class=\"ydpbd77b2e6msonormal\" style=\"margin: 0cm; margin-bottom: .0001pt;\"><span style=\"font-size: 10.5pt; font-family: 'Arial',sans-serif; color: #666666;\">La diversit\u00e9 des \u00e9corces peut vous apporter cette touche de couleurs et de mati\u00e8res textur\u00e9es qui rendra votre d\u00e9coration naturelle, vivante, moderne, intemporelle et originale.<\/span><\/p>\n<p class=\"ydpbd77b2e6msonormal\" style=\"margin: 0cm; margin-bottom: .0001pt;\"><span style=\"font-size: 10.5pt; font-family: 'Arial',sans-serif; color: #666666;\">\u00a0<\/span><\/p>\n<p class=\"ydpbd77b2e6msonormal\" style=\"margin: 0cm; margin-bottom: .0001pt;\"><span style=\"font-size: 10.5pt; font-family: 'Arial',sans-serif; color: #666666;\">Alors n\u2019h\u00e9sitez pas \u00e0 me soumettre vos envies afin d\u2019y r\u00e9fl\u00e9chir ensemble.<\/span><\/p>\n","protected":false},"featured_media":1346,"template":"","meta":{"_acf_changed":false,"_et_pb_use_builder":"on","_et_pb_old_content":"","_et_gb_content_width":""},"product_brand":[],"product_cat":[125],"product_tag":[],"class_list":{"0":"post-2190","1":"product","2":"type-product","3":"status-publish","4":"has-post-thumbnail","6":"product_cat-oeuvres-dart","8":"first","9":"instock","10":"taxable","11":"shipping-taxable","12":"product-type-simple"},"acf":[],"_links":{"self":[{"href":"https:\/\/cedric-pollet.com\/fr\/wp-json\/wp\/v2\/product\/2190","targetHints":{"allow":["GET"]}}],"collection":[{"href":"https:\/\/cedric-pollet.com\/fr\/wp-json\/wp\/v2\/product"}],"about":[{"href":"https:\/\/cedric-pollet.com\/fr\/wp-json\/wp\/v2\/types\/product"}],"wp:featuredmedia":[{"embeddable":true,"href":"https:\/\/cedric-pollet.com\/fr\/wp-json\/wp\/v2\/media\/1346"}],"wp:attachment":[{"href":"https:\/\/cedric-pollet.com\/fr\/wp-json\/wp\/v2\/media?parent=2190"}],"wp:term":[{"taxonomy":"product_brand","embeddable":true,"href":"https:\/\/cedric-pollet.com\/fr\/wp-json\/wp\/v2\/product_brand?post=2190"},{"taxonomy":"product_cat","embeddable":true,"href":"https:\/\/cedric-pollet.com\/fr\/wp-json\/wp\/v2\/product_cat?post=2190"},{"taxonomy":"product_tag","embeddable":true,"href":"https:\/\/cedric-pollet.com\/fr\/wp-json\/wp\/v2\/product_tag?post=2190"}],"curies":[{"name":"wp","href":"https:\/\/api.w.org\/{rel}","templated":true}]}}