{"id":542,"date":"2019-08-27T15:01:14","date_gmt":"2019-08-27T15:01:14","guid":{"rendered":"https:\/\/cedric-pollet.com\/?page_id=542"},"modified":"2025-01-27T14:48:24","modified_gmt":"2025-01-27T14:48:24","slug":"animations","status":"publish","type":"page","link":"https:\/\/cedric-pollet.com\/fr\/animations","title":{"rendered":"Animations"},"content":{"rendered":"<p>[et_pb_section fb_built=\u00a0\u00bb1&Prime; _builder_version=\u00a0\u00bb4.16&Prime; custom_padding=\u00a0\u00bb0px||0px|||\u00a0\u00bb da_disable_devices=\u00a0\u00bboff|off|off\u00a0\u00bb global_colors_info=\u00a0\u00bb{}\u00a0\u00bb da_is_popup=\u00a0\u00bboff\u00a0\u00bb da_exit_intent=\u00a0\u00bboff\u00a0\u00bb da_has_close=\u00a0\u00bbon\u00a0\u00bb da_alt_close=\u00a0\u00bboff\u00a0\u00bb da_dark_close=\u00a0\u00bboff\u00a0\u00bb da_not_modal=\u00a0\u00bbon\u00a0\u00bb da_is_singular=\u00a0\u00bboff\u00a0\u00bb da_with_loader=\u00a0\u00bboff\u00a0\u00bb da_has_shadow=\u00a0\u00bbon\u00a0\u00bb][et_pb_row _builder_version=\u00a0\u00bb4.16&Prime; width=\u00a0\u00bb100%\u00a0\u00bb max_width=\u00a0\u00bb1920px\u00a0\u00bb custom_padding=\u00a0\u00bb0px||0px||false|false\u00a0\u00bb global_colors_info=\u00a0\u00bb{}\u00a0\u00bb][et_pb_column type=\u00a0\u00bb4_4&Prime; _builder_version=\u00a0\u00bb4.16&Prime; global_colors_info=\u00a0\u00bb{}\u00a0\u00bb][et_pb_image src=\u00a0\u00bbhttps:\/\/cedric-pollet.com\/wp-content\/uploads\/2019\/09\/ANIMATIONSok.jpg\u00a0\u00bb _builder_version=\u00a0\u00bb4.16&Prime; global_colors_info=\u00a0\u00bb{}\u00a0\u00bb][\/et_pb_image][et_pb_text _builder_version=\u00a0\u00bb4.16&Prime; header_font=\u00a0\u00bb|600|||||||\u00a0\u00bb header_text_color=\u00a0\u00bb#ffffff\u00a0\u00bb header_font_size=\u00a0\u00bb90px\u00a0\u00bb custom_margin=\u00a0\u00bb-132px||||false|false\u00a0\u00bb custom_margin_tablet=\u00a0\u00bb-118px||||false|false\u00a0\u00bb custom_margin_phone=\u00a0\u00bb-78px||||false|false\u00a0\u00bb custom_margin_last_edited=\u00a0\u00bbon|phone\u00a0\u00bb header_font_size_tablet=\u00a0\u00bb\u00a0\u00bb header_font_size_phone=\u00a0\u00bb55px\u00a0\u00bb header_font_size_last_edited=\u00a0\u00bbon|phone\u00a0\u00bb global_colors_info=\u00a0\u00bb{}\u00a0\u00bb]<\/p>\n<h1>ANIMATIONS<\/h1>\n<p>[\/et_pb_text][\/et_pb_column][\/et_pb_row][\/et_pb_section][et_pb_section fb_built=\u00a0\u00bb1&Prime; module_id=\u00a0\u00bbatelier\u00a0\u00bb _builder_version=\u00a0\u00bb4.16&Prime; custom_padding=\u00a0\u00bb0px||34px|||\u00a0\u00bb da_disable_devices=\u00a0\u00bboff|off|off\u00a0\u00bb global_colors_info=\u00a0\u00bb{}\u00a0\u00bb da_is_popup=\u00a0\u00bboff\u00a0\u00bb da_exit_intent=\u00a0\u00bboff\u00a0\u00bb da_has_close=\u00a0\u00bbon\u00a0\u00bb da_alt_close=\u00a0\u00bboff\u00a0\u00bb da_dark_close=\u00a0\u00bboff\u00a0\u00bb da_not_modal=\u00a0\u00bbon\u00a0\u00bb da_is_singular=\u00a0\u00bboff\u00a0\u00bb da_with_loader=\u00a0\u00bboff\u00a0\u00bb da_has_shadow=\u00a0\u00bbon\u00a0\u00bb][et_pb_row _builder_version=\u00a0\u00bb4.16&Prime; custom_padding=\u00a0\u00bb34px|||||\u00a0\u00bb global_colors_info=\u00a0\u00bb{}\u00a0\u00bb][et_pb_column type=\u00a0\u00bb4_4&Prime; _builder_version=\u00a0\u00bb4.16&Prime; global_colors_info=\u00a0\u00bb{}\u00a0\u00bb][dsm_text_divider header=\u00a0\u00bbATELIERS\u00a0\u00bb color=\u00a0\u00bb#eda869&Prime; _builder_version=\u00a0\u00bb4.16&Prime; header_font=\u00a0\u00bbOpen Sans|700|||||||\u00a0\u00bb header_text_color=\u00a0\u00bb#dd9933&Prime; header_font_size=\u00a0\u00bb36px\u00a0\u00bb header_font_size_tablet=\u00a0\u00bb\u00a0\u00bb header_font_size_phone=\u00a0\u00bb25px\u00a0\u00bb header_font_size_last_edited=\u00a0\u00bbon|phone\u00a0\u00bb global_colors_info=\u00a0\u00bb{}\u00a0\u00bb][\/dsm_text_divider][et_pb_text _builder_version=\u00a0\u00bb4.16&Prime; text_font_size=\u00a0\u00bb15px\u00a0\u00bb global_colors_info=\u00a0\u00bb{}\u00a0\u00bb]<\/p>\n<p style=\"text-align: justify;\">La botanique est une science qui, a priori, semble complexe et r\u00e9serv\u00e9e \u00e0 des initi\u00e9s. Avec beaucoup de passion et pr\u00e8s de 400 \u00e9chantillons tri\u00e9s sur le volet, j\u2019essaie de la vulgariser et la rendre accessible \u00e0 tous, et ce quelque soit l\u2019\u00e2ge.<\/p>\n<p style=\"text-align: justify;\">Durant cet atelier multisensoriel alliant p\u00e9dagogie, biologie, art et po\u00e9sie, je vous invite \u00e0 d\u00e9couvrir l\u2019incroyable diversit\u00e9 des plantes, leurs surprenantes strat\u00e9gies d\u2019adaptations, de d\u00e9fenses, de croissances et de diss\u00e9minations. Tous vos sens sont sollicit\u00e9s: bois, \u00e9corces, fruits et graines sont \u00e0 sentir, caresser, observer \u00e0 la loupe voir m\u00eame \u00e0 gouter.<\/p>\n<p style=\"text-align: justify;\">J\u2019adapte le d\u00e9roulement d\u2019un atelier en fonction de mon audience. Pour les scolaires, les s\u00e9ances de d\u00e9couvertes durent de 45 minutes \u00e0 1h30 suivant le niveau. Pour le grand public, les interventions se d\u00e9roulent en continu sur toute la dur\u00e9e de la manifestation et certains passionn\u00e9s y restent 2 \u00e0 3h.<\/p>\n<p style=\"text-align: justify;\">Ces animations ont d\u00e9j\u00e0 \u00e9t\u00e9 r\u00e9alis\u00e9es lors de divers \u00e9v\u00e9nements nationaux (journ\u00e9es de l\u2019environnement, journ\u00e9e de l\u2019arbre, f\u00eate de la science, journ\u00e9e du patrimoine, rendez-vous au jardin, f\u00eate des plantes\u2026) ainsi que dans de nombreuses \u00e9tablissements scolaires en France.<\/p>\n<p style=\"text-align: justify;\">Pour plus de d\u00e9tails sur le contenu des ateliers et pour recevoir un devis r\u00e9pondant \u00e0 vos attentes, n\u2019h\u00e9sitez pas \u00e0 <span style=\"color: #dd9933;\"><a href=\"https:\/\/cedric-pollet.com\/contact\" style=\"color: #dd9933;\">me contacter<\/a><\/span>.<\/p>\n<p>[\/et_pb_text][et_pb_gallery gallery_ids=\u00a0\u00bb1312,1311,1309,1315,1316,1314,1310,1313&Prime; posts_number=\u00a0\u00bb8&Prime; show_title_and_caption=\u00a0\u00bboff\u00a0\u00bb show_pagination=\u00a0\u00bboff\u00a0\u00bb zoom_icon_color=\u00a0\u00bb#ffffff\u00a0\u00bb hover_overlay_color=\u00a0\u00bbrgba(0,0,0,0.34)\u00a0\u00bb hover_icon=\u00a0\u00bb&#x2e;||divi||400&Prime; _builder_version=\u00a0\u00bb4.16&Prime; custom_css_gallery_item=\u00a0\u00bbmargin: 0 !important;||width: 25% !important;||clear: none !important;\u00a0\u00bb border_color_all=\u00a0\u00bb#ffffff\u00a0\u00bb global_colors_info=\u00a0\u00bb{}\u00a0\u00bb][\/et_pb_gallery][\/et_pb_column][\/et_pb_row][et_pb_row _builder_version=\u00a0\u00bb4.16&Prime; global_colors_info=\u00a0\u00bb{}\u00a0\u00bb][et_pb_column type=\u00a0\u00bb4_4&Prime; _builder_version=\u00a0\u00bb4.16&Prime; global_colors_info=\u00a0\u00bb{}\u00a0\u00bb][et_pb_text _builder_version=\u00a0\u00bb4.16&Prime; text_font=\u00a0\u00bb|700|||||||\u00a0\u00bb custom_margin=\u00a0\u00bb||9px|||\u00a0\u00bb global_colors_info=\u00a0\u00bb{}\u00a0\u00bb]<\/p>\n<p>Atelier : Quand la magie du v\u00e9g\u00e9tal \u00e9merveille les \u00e9coliers\u2026 (f\u00e9vrier 2018)<\/p>\n<p>[\/et_pb_text][et_pb_video src=\u00a0\u00bbhttps:\/\/cedric-pollet.com\/wp-content\/uploads\/2019\/11\/Atelier-Cremat-Cedric-Pollet.mp4&Prime; image_src=\u00a0\u00bbhttps:\/\/cedric-pollet.com\/wp-content\/uploads\/2019\/09\/atelier-enfantok.jpg\u00a0\u00bb thumbnail_overlay_color=\u00a0\u00bbrgba(0,0,0,0.22)\u00a0\u00bb _builder_version=\u00a0\u00bb4.16&Prime; global_colors_info=\u00a0\u00bb{}\u00a0\u00bb][\/et_pb_video][et_pb_button button_url=\u00a0\u00bbhttps:\/\/www.youtube.com\/watch?v=EVISYiR-A8U\u00a0\u00bb url_new_window=\u00a0\u00bbon\u00a0\u00bb button_text=\u00a0\u00bbVoir la vid\u00e9o sur Youtube\u00a0\u00bb button_alignment=\u00a0\u00bbcenter\u00a0\u00bb disabled_on=\u00a0\u00bboff|off|off\u00a0\u00bb _builder_version=\u00a0\u00bb4.16&Prime; custom_button=\u00a0\u00bbon\u00a0\u00bb button_text_size=\u00a0\u00bb13px\u00a0\u00bb button_text_color=\u00a0\u00bb#ffffff\u00a0\u00bb button_bg_color=\u00a0\u00bb#dd9933&Prime; button_border_width=\u00a0\u00bb0px\u00a0\u00bb button_icon=\u00a0\u00bb&#xe0a3;||divi||400&Prime; custom_margin=\u00a0\u00bb||50px||false|false\u00a0\u00bb animation_direction=\u00a0\u00bbleft\u00a0\u00bb global_colors_info=\u00a0\u00bb{}\u00a0\u00bb][\/et_pb_button][\/et_pb_column][\/et_pb_row][et_pb_row _builder_version=\u00a0\u00bb4.16&Prime; global_colors_info=\u00a0\u00bb{}\u00a0\u00bb][et_pb_column type=\u00a0\u00bb4_4&Prime; _builder_version=\u00a0\u00bb4.16&Prime; global_colors_info=\u00a0\u00bb{}\u00a0\u00bb][dsm_text_divider header=\u00a0\u00bbT\u00c9MOIGNAGES\u00a0\u00bb color=\u00a0\u00bb#eda869&Prime; _builder_version=\u00a0\u00bb4.16&Prime; header_font=\u00a0\u00bbOpen Sans|700|||||||\u00a0\u00bb header_text_color=\u00a0\u00bb#dd9933&Prime; header_font_size=\u00a0\u00bb36px\u00a0\u00bb header_font_size_tablet=\u00a0\u00bb\u00a0\u00bb header_font_size_phone=\u00a0\u00bb25px\u00a0\u00bb header_font_size_last_edited=\u00a0\u00bbon|phone\u00a0\u00bb global_colors_info=\u00a0\u00bb{}\u00a0\u00bb][\/dsm_text_divider][\/et_pb_column][\/et_pb_row][et_pb_row column_structure=\u00a0\u00bb1_2,1_2&Prime; _builder_version=\u00a0\u00bb4.16&Prime; max_width=\u00a0\u00bb1500px\u00a0\u00bb global_colors_info=\u00a0\u00bb{}\u00a0\u00bb][et_pb_column type=\u00a0\u00bb1_2&Prime; _builder_version=\u00a0\u00bb4.16&Prime; global_colors_info=\u00a0\u00bb{}\u00a0\u00bb][et_pb_testimonial author=\u00a0\u00bbJacqueline Gros\u00a0\u00bb job_title=\u00a0\u00bbProfesseur des \u00e9coles\u00a0\u00bb company_name=\u00a0\u00bbEcole de Saint Isidore (Nice-06)\u00a0\u00bb portrait_url=\u00a0\u00bbdata:image\/svg+xml;base64,PHN2ZyB3aWR0aD0iNTAwIiBoZWlnaHQ9IjUwMCIgdmlld0JveD0iMCAwIDUwMCA1MDAiIHhtbG5zPSJodHRwOi8vd3d3LnczLm9yZy8yMDAwL3N2ZyI+CiAgICA8ZyBmaWxsPSJub25lIiBmaWxsLXJ1bGU9ImV2ZW5vZGQiPgogICAgICAgIDxwYXRoIGZpbGw9IiNFQkVCRUIiIGQ9Ik0wIDBoNTAwdjUwMEgweiIvPgogICAgICAgIDxyZWN0IGZpbGwtb3BhY2l0eT0iLjEiIGZpbGw9IiMwMDAiIHg9IjY4IiB5PSIzMDUiIHdpZHRoPSIzNjQiIGhlaWdodD0iNTY4IiByeD0iMTgyIi8+CiAgICAgICAgPGNpcmNsZSBmaWxsLW9wYWNpdHk9Ii4xIiBmaWxsPSIjMDAwIiBjeD0iMjQ5IiBjeT0iMTcyIiByPSIxMDAiLz4KICAgIDwvZz4KPC9zdmc+Cg==\u00a0\u00bb quote_icon_color=\u00a0\u00bb#eda869&Prime; portrait_width=\u00a0\u00bb0px\u00a0\u00bb portrait_height=\u00a0\u00bb0px\u00a0\u00bb _builder_version=\u00a0\u00bb4.16&Prime; background_color=\u00a0\u00bb#eeeeee\u00a0\u00bb custom_padding=\u00a0\u00bb||||false|false\u00a0\u00bb custom_css_testimonial_author=\u00a0\u00bbpadding-top:21px\u00a0\u00bb global_colors_info=\u00a0\u00bb{}\u00a0\u00bb]<em>  Son approche passionnante, tr\u00e8s accessible, ludique, \u00e0 la port\u00e9e de tous a vraiment marqu\u00e9 les enfants\u2026 Ses ateliers sont absolument magiques, C\u00e9dric poss\u00e8de une collection unique d\u2019\u00e9chantillons tr\u00e8s surprenants, de vrais tr\u00e9sors qui ont envahi la classe\u2026 C\u2019est un vrai festival pour les sens et une initiation inoubliable aux merveilles de la nature.<\/em>[\/et_pb_testimonial][\/et_pb_column][et_pb_column type=\u00a0\u00bb1_2&Prime; _builder_version=\u00a0\u00bb4.16&Prime; global_colors_info=\u00a0\u00bb{}\u00a0\u00bb][et_pb_testimonial author=\u00a0\u00bbVal\u00e9rie Pedraza\u00a0\u00bb job_title=\u00a0\u00bb\u00c9ducatrice\u00a0\u00bb company_name=\u00a0\u00bb\u00c9cole Montessori Les Pouces vertes (Mouans-Sartoux &#8211; 06)\u00a0\u00bb portrait_url=\u00a0\u00bbdata:image\/svg+xml;base64,PHN2ZyB3aWR0aD0iNTAwIiBoZWlnaHQ9IjUwMCIgdmlld0JveD0iMCAwIDUwMCA1MDAiIHhtbG5zPSJodHRwOi8vd3d3LnczLm9yZy8yMDAwL3N2ZyI+CiAgICA8ZyBmaWxsPSJub25lIiBmaWxsLXJ1bGU9ImV2ZW5vZGQiPgogICAgICAgIDxwYXRoIGZpbGw9IiNFQkVCRUIiIGQ9Ik0wIDBoNTAwdjUwMEgweiIvPgogICAgICAgIDxyZWN0IGZpbGwtb3BhY2l0eT0iLjEiIGZpbGw9IiMwMDAiIHg9IjY4IiB5PSIzMDUiIHdpZHRoPSIzNjQiIGhlaWdodD0iNTY4IiByeD0iMTgyIi8+CiAgICAgICAgPGNpcmNsZSBmaWxsLW9wYWNpdHk9Ii4xIiBmaWxsPSIjMDAwIiBjeD0iMjQ5IiBjeT0iMTcyIiByPSIxMDAiLz4KICAgIDwvZz4KPC9zdmc+Cg==\u00a0\u00bb quote_icon_color=\u00a0\u00bb#eda869&Prime; portrait_width=\u00a0\u00bb0px\u00a0\u00bb portrait_height=\u00a0\u00bb0px\u00a0\u00bb _builder_version=\u00a0\u00bb4.16&Prime; background_color=\u00a0\u00bb#eeeeee\u00a0\u00bb global_colors_info=\u00a0\u00bb{}\u00a0\u00bb]<em> C\u00e9dric a su, pour chaque \u00e2ge (de 6 \u00e0 15 ans), s\u2019adapter \u00e0 la curiosit\u00e9 des enfants. Il a jou\u00e9 avec eux, les a \u00e9merveill\u00e9, les a surpris, les a fait rire, les a interpell\u00e9. C\u00e9dric est un conteur, un voyageur, un m\u00e9diateur, et dans chaque situation, il emm\u00e8ne les enfants avec lui. Ses interventions sont des voyages vivants et vibrants. Il a marqu\u00e9 leur esprit \u00e0 tel point qu\u2019ils pr\u00e9f\u00e9raient continuer l\u2019atelier plut\u00f4t que d\u2019aller en r\u00e9cr\u00e9ation ! <\/em>[\/et_pb_testimonial][\/et_pb_column][\/et_pb_row][\/et_pb_section][et_pb_section fb_built=\u00a0\u00bb1&Prime; module_id=\u00a0\u00bbconf\u00a0\u00bb _builder_version=\u00a0\u00bb4.16&Prime; background_color=\u00a0\u00bb#eeeeee\u00a0\u00bb custom_padding=\u00a0\u00bb0px||0px|||\u00a0\u00bb da_disable_devices=\u00a0\u00bboff|off|off\u00a0\u00bb global_colors_info=\u00a0\u00bb{}\u00a0\u00bb da_is_popup=\u00a0\u00bboff\u00a0\u00bb da_exit_intent=\u00a0\u00bboff\u00a0\u00bb da_has_close=\u00a0\u00bbon\u00a0\u00bb da_alt_close=\u00a0\u00bboff\u00a0\u00bb da_dark_close=\u00a0\u00bboff\u00a0\u00bb da_not_modal=\u00a0\u00bbon\u00a0\u00bb da_is_singular=\u00a0\u00bboff\u00a0\u00bb da_with_loader=\u00a0\u00bboff\u00a0\u00bb da_has_shadow=\u00a0\u00bbon\u00a0\u00bb][et_pb_row _builder_version=\u00a0\u00bb4.16&Prime; custom_padding=\u00a0\u00bb40px|||||\u00a0\u00bb global_colors_info=\u00a0\u00bb{}\u00a0\u00bb][et_pb_column type=\u00a0\u00bb4_4&Prime; _builder_version=\u00a0\u00bb4.16&Prime; global_colors_info=\u00a0\u00bb{}\u00a0\u00bb][dsm_text_divider header=\u00a0\u00bbCONF\u00c9RENCES\u00a0\u00bb color=\u00a0\u00bb#eda869&Prime; _builder_version=\u00a0\u00bb4.16&Prime; header_font=\u00a0\u00bbOpen Sans|700|||||||\u00a0\u00bb header_text_color=\u00a0\u00bb#dd9933&Prime; header_font_size=\u00a0\u00bb36px\u00a0\u00bb header_font_size_tablet=\u00a0\u00bb\u00a0\u00bb header_font_size_phone=\u00a0\u00bb25px\u00a0\u00bb header_font_size_last_edited=\u00a0\u00bbon|phone\u00a0\u00bb global_colors_info=\u00a0\u00bb{}\u00a0\u00bb][\/dsm_text_divider][et_pb_text _builder_version=\u00a0\u00bb4.16&Prime; text_font_size=\u00a0\u00bb15px\u00a0\u00bb global_colors_info=\u00a0\u00bb{}\u00a0\u00bb]<\/p>\n<p style=\"text-align: justify;\">Mon discours de passionn\u00e9 combin\u00e9 \u00e0 la projection sur grand \u00e9cran de plus de 300 photos vous invite \u00e0 d\u00e9couvrir mon univers et la richesse des \u00e9corces. Apr\u00e8s un tel voyage, vous ne regarderez plus jamais les arbres de la m\u00eame fa\u00e7on !<\/p>\n<p style=\"text-align: justify;\"><strong>En lien avec <span style=\"color: #dd9933;\"><a href=\"https:\/\/cedric-pollet.com\/livres\" style=\"color: #dd9933;\">ma trilogie \u00c9CORCES<\/a><\/span>, je vous propose ces 2 sujets au choix:<\/strong><br \/> <strong> \u2013 Un tour du monde des plus belles \u00e9corces de la plan\u00e8te<\/strong><br \/> <strong> \u2013 \u00c0 la d\u00e9couverte des jardins d\u2019hiver: une palette v\u00e9g\u00e9tale haute en couleurs<\/strong><\/p>\n<p style=\"text-align: justify;\"><strong>Langues possibles:<\/strong> fran\u00e7ais\/anglais.<br \/> <strong>Dur\u00e9e:<\/strong> 45 minutes pour les enfants, 1h30 environ pour les adultes.<\/p>\n<p style=\"text-align: justify;\">\u00c0 la fin de chaque conf\u00e9rence, je vous propose de d\u00e9dicacer mes 3 ouvrages.<\/p>\n<p style=\"text-align: justify;\">Ces conf\u00e9rences ont d\u00e9j\u00e0 \u00e9t\u00e9 r\u00e9alis\u00e9es \u00e0 de nombreuses reprises pour des jardins botaniques (Nancy, Denver, Singapore\u2026), pour les professionnels des espaces verts et du paysage, pour des associations et autres soci\u00e9t\u00e9s d\u2019horticulture, pour des \u00e9tablissements scolaires\u2026<\/p>\n<p style=\"text-align: justify;\">Pour plus de d\u00e9tails sur le contenu de ces conf\u00e9rences et pour recevoir un devis r\u00e9pondant \u00e0 vos attentes, n\u2019h\u00e9sitez pas \u00e0 me <span style=\"color: #ff9900;\"><a href=\"https:\/\/cedric-pollet.com\/contact\" style=\"color: #dd9933;\">contacter<\/a><\/span>.<\/p>\n<p>[\/et_pb_text][et_pb_gallery gallery_ids=\u00a0\u00bb1321,1322,1324,1323&Prime; show_title_and_caption=\u00a0\u00bboff\u00a0\u00bb show_pagination=\u00a0\u00bboff\u00a0\u00bb zoom_icon_color=\u00a0\u00bb#ffffff\u00a0\u00bb hover_overlay_color=\u00a0\u00bbrgba(0,0,0,0.34)\u00a0\u00bb hover_icon=\u00a0\u00bb&#x2e;||divi||400&Prime; _builder_version=\u00a0\u00bb4.16&Prime; custom_css_gallery_item=\u00a0\u00bbmargin: 0 !important;||width: 25% !important;||clear: none !important;\u00a0\u00bb global_colors_info=\u00a0\u00bb{}\u00a0\u00bb][\/et_pb_gallery][\/et_pb_column][\/et_pb_row][\/et_pb_section]<\/p>\n","protected":false},"excerpt":{"rendered":"<p>ANIMATIONS<div class=\"et_pb_module dsm_text_divider dsm_text_divider_0\">\n\t\t\t\t\n\t\t\t\t\n\t\t\t\t\n\t\t\t\t\n\t\t\t\t\n\t\t\t\t\n\t\t\t\t<div class=\"et_pb_module_inner\">\n\t\t\t\t\t<div class=\"dsm-text-divider-wrapper dsm-text-divider-align-center et_pb_bg_layout_light\">\n\t\t\t\t\n\t\t\t\t\n\t\t\t\t<div class=\"dsm-text-divider-before dsm-divider\"><\/div>\n\t\t\t\t<h3 class=\"dsm-text-divider-header et_pb_module_header\"><span>ATELIERS<\/span><\/h3>\n\t\t\t\t<div class=\"dsm-text-divider-after dsm-divider\"><\/div>\n\t\t\t<\/div>\n\t\t\t\t<\/div>\n\t\t\t<\/div>La botanique est une science qui, a priori, semble complexe et r\u00e9serv\u00e9e \u00e0 des initi\u00e9s. Avec beaucoup de passion et pr\u00e8s de 400 \u00e9chantillons tri\u00e9s sur le volet, j\u2019essaie de la vulgariser et la rendre accessible \u00e0 tous, et ce quelque soit l\u2019\u00e2ge. Durant [&hellip;]<\/p>\n","protected":false},"author":1,"featured_media":0,"parent":0,"menu_order":0,"comment_status":"closed","ping_status":"closed","template":"","meta":{"_acf_changed":false,"_et_pb_use_builder":"on","_et_pb_old_content":"","_et_gb_content_width":"","footnotes":""},"class_list":["post-542","page","type-page","status-publish","hentry"],"acf":[],"_links":{"self":[{"href":"https:\/\/cedric-pollet.com\/fr\/wp-json\/wp\/v2\/pages\/542","targetHints":{"allow":["GET"]}}],"collection":[{"href":"https:\/\/cedric-pollet.com\/fr\/wp-json\/wp\/v2\/pages"}],"about":[{"href":"https:\/\/cedric-pollet.com\/fr\/wp-json\/wp\/v2\/types\/page"}],"author":[{"embeddable":true,"href":"https:\/\/cedric-pollet.com\/fr\/wp-json\/wp\/v2\/users\/1"}],"replies":[{"embeddable":true,"href":"https:\/\/cedric-pollet.com\/fr\/wp-json\/wp\/v2\/comments?post=542"}],"version-history":[{"count":1,"href":"https:\/\/cedric-pollet.com\/fr\/wp-json\/wp\/v2\/pages\/542\/revisions"}],"predecessor-version":[{"id":118416,"href":"https:\/\/cedric-pollet.com\/fr\/wp-json\/wp\/v2\/pages\/542\/revisions\/118416"}],"wp:attachment":[{"href":"https:\/\/cedric-pollet.com\/fr\/wp-json\/wp\/v2\/media?parent=542"}],"curies":[{"name":"wp","href":"https:\/\/api.w.org\/{rel}","templated":true}]}}