{"id":3063,"date":"2019-09-16T11:54:14","date_gmt":"2019-09-16T11:54:14","guid":{"rendered":"https:\/\/cedric-pollet.com\/?page_id=3063"},"modified":"2019-09-17T09:43:24","modified_gmt":"2019-09-17T09:43:24","slug":"conditions-generales-de-vente","status":"publish","type":"page","link":"https:\/\/cedric-pollet.com\/fr\/conditions-generales-de-vente","title":{"rendered":"Conditions G\u00e9n\u00e9rales de Vente"},"content":{"rendered":"<p>[et_pb_section fb_built=\u00a0\u00bb1&Prime; _builder_version=\u00a0\u00bb3.27.3&Prime; custom_padding=\u00a0\u00bb0px||0px|||\u00a0\u00bb fb_built=\u00a0\u00bb1&Prime; _i=\u00a0\u00bb0&Prime; _address=\u00a0\u00bb0&Prime;][et_pb_row _builder_version=\u00a0\u00bb3.27.3&Prime; width=\u00a0\u00bb100%\u00a0\u00bb max_width=\u00a0\u00bb1920px\u00a0\u00bb custom_padding=\u00a0\u00bb0px||0px||false|false\u00a0\u00bb _i=\u00a0\u00bb0&Prime; _address=\u00a0\u00bb0.0&Prime;][et_pb_column type=\u00a0\u00bb4_4&Prime; _builder_version=\u00a0\u00bb3.27.3&Prime; _i=\u00a0\u00bb0&Prime; _address=\u00a0\u00bb0.0.0&Prime;][et_pb_image src=\u00a0\u00bbhttps:\/\/cedric-pollet.com\/wp-content\/uploads\/2019\/09\/BOUTIQUESok.jpg\u00a0\u00bb _builder_version=\u00a0\u00bb3.27.3&Prime; _i=\u00a0\u00bb0&Prime; _address=\u00a0\u00bb0.0.0.0&Prime;][\/et_pb_image][et_pb_text _builder_version=\u00a0\u00bb3.27.4&Prime; header_font=\u00a0\u00bb|600|||||||\u00a0\u00bb header_text_color=\u00a0\u00bb#ffffff\u00a0\u00bb header_font_size=\u00a0\u00bb97px\u00a0\u00bb custom_margin=\u00a0\u00bb-135px||||false|false\u00a0\u00bb custom_margin_tablet=\u00a0\u00bb-118px||||false|false\u00a0\u00bb custom_margin_phone=\u00a0\u00bb-116px||||false|false\u00a0\u00bb custom_margin_last_edited=\u00a0\u00bbon|phone\u00a0\u00bb _i=\u00a0\u00bb1&Prime; _address=\u00a0\u00bb0.0.0.1&Prime;]<\/p>\n<h1>CONDITIONS G\u00c9N\u00c9RALES<\/h1>\n<p>[\/et_pb_text][\/et_pb_column][\/et_pb_row][\/et_pb_section][et_pb_section fb_built=\u00a0\u00bb1&Prime; _builder_version=\u00a0\u00bb3.27.3&Prime; fb_built=\u00a0\u00bb1&Prime; _i=\u00a0\u00bb1&Prime; _address=\u00a0\u00bb1&Prime;][et_pb_row _builder_version=\u00a0\u00bb3.27.3&Prime; _i=\u00a0\u00bb0&Prime; _address=\u00a0\u00bb1.0&Prime;][et_pb_column type=\u00a0\u00bb4_4&Prime; _builder_version=\u00a0\u00bb3.27.3&Prime; _i=\u00a0\u00bb0&Prime; _address=\u00a0\u00bb1.0.0&Prime;][et_pb_text _builder_version=\u00a0\u00bb3.27.4&Prime; _i=\u00a0\u00bb0&Prime; _address=\u00a0\u00bb1.0.0.0&Prime;]<\/p>\n<h2><strong><span style=\"color: #339966;\">Le transport de votre colis<\/span><\/strong><\/h2>\n<p>Les colis sont g\u00e9n\u00e9ralement exp\u00e9di\u00e9s en 48h apr\u00e8s r\u00e9ception de votre paiement. Le mode d\u2019exp\u00e9didition standard est le Colissimo suivi, remis sans signature. Si vous souhaitez une remise avec signature, un co\u00fbt suppl\u00e9mentaire s\u2019applique, merci de nous contacter. Quel que soit le mode d\u2019exp\u00e9dition choisi, nous vous fournirons d\u00e8s que possible un lien qui vous permettra de suivre en ligne la livraison de votre colis.<\/p>\n<p>Les frais d\u2019exp\u00e9dition comprennent l\u2019emballage, la manutention et les frais postaux. Ils peuvent contenir une partie fixe et une partie variable en fonction du prix ou du poids de votre commande. Nous vous conseillons de regrouper vos achats en une unique commande. Nous ne pouvons pas grouper deux commandes distinctes et vous devrez vous acquitter des frais de port pour chacune d\u2019entre elles. Votre colis est exp\u00e9di\u00e9 \u00e0 vos propres risques, un soin particulier est apport\u00e9 au colis contenant des produits fragiles..<\/p>\n<p>Les colis sont surdimensionn\u00e9s et prot\u00e9g\u00e9s.<\/p>\n<hr \/>\n<h2><strong><span style=\"color: #339966;\">Conditions G\u00e9n\u00e9rales de Vente<\/span><\/strong><\/h2>\n<p><span style=\"color: #ff9900;\"><strong>Article 1 \u2013 Application des CGV<\/strong><\/span><br \/> Les pr\u00e9sentes conditions de vente sont conclues d\u2019une part par la soci\u00e9t\u00e9 <strong>C\u00e9dric Pollet <\/strong>dont le si\u00e8ge social est\u00a0: 549 chemin de Cremat, 06200 Nice, immatricul\u00e9 au registre du commerce et des soci\u00e9t\u00e9s de Nice sous le num\u00e9ro 444 310 676 ci-apr\u00e8s d\u00e9nomm\u00e9e \u00ab C\u00e9dric Pollet\u00bb et d\u2019autre part, par toute personne physique ou morale souhaitant proc\u00e9der \u00e0 un achat via le site Internet de \u00abC\u00e9dric Pollet | Boutique \u00bb d\u00e9nomm\u00e9e ci-apr\u00e8s \u00ab l\u2019acheteur \u00bb.<\/p>\n<p>L\u2019acquisition d\u2019un bien ou d\u2019un service \u00e0 travers le pr\u00e9sent site <strong>implique une acceptation sans r\u00e9serve par l\u2019acheteur des pr\u00e9sentes conditions de vente.\u00a0<\/strong><\/p>\n<p>Ces conditions de vente pr\u00e9vaudront sur toutes autres conditions g\u00e9n\u00e9rales ou particuli\u00e8res non express\u00e9ment agr\u00e9\u00e9es par C\u00e9dric Pollet | Boutique\u00a0; ce dernier se r\u00e9serve de pouvoir modifier ses conditions de vente \u00e0 tout moment. Dans ce cas, les conditions applicables seront celles en vigueur \u00e0 la date de la commande par l\u2019acheteur.<\/p>\n<p><span style=\"color: #ff9900;\"><strong>Article 2 \u2013 Tarifs<br \/> <\/strong><\/span>Les prix figurant sur le site sont des prix TTC en euros tenant compte de la TVA applicable au jour de la commande; tout changement du taux pourra \u00eatre r\u00e9percut\u00e9 sur le prix des produits ou des services. C\u00e9dric Pollet | Boutique se r\u00e9serve le <strong>droit de modifier ses prix<\/strong> \u00e0 tout moment, \u00e9tant toutefois entendu que le prix figurant sur le site le jour de la commande sera le seul applicable \u00e0 l\u2019acheteur.<\/p>\n<p><span style=\"color: #ff9900;\"><strong>Article 3 \u2013 Modalit\u00e9s de paiement<br \/> <\/strong><\/span>Les paiements peuvent \u00eatre effectu\u00e9s par le biais du syst\u00e8me s\u00e9curis\u00e9 <strong>PayPal<\/strong>, par <strong>virement bancaire<\/strong> ou par <strong>ch\u00e8que<\/strong>.<\/p>\n<p>Le compte de l\u2019acheteur ne sera d\u00e9bit\u00e9 que lors de l\u2019exp\u00e9dition des produits disponibles et uniquement du montant des produits envoy\u00e9s. \u00c0 la demande de l\u2019acheteur, il lui sera adress\u00e9 une facture sur papier faisant ressortir la TVA.<\/p>\n<p>Toute offre de vente s\u2019entend sous r\u00e9serve des stocks disponibles.<\/p>\n<p><span style=\"color: #ff9900;\"><strong>Article 4 \u2013 R\u00e9tractation<br \/> <\/strong><\/span>Les acheteurs, personnes physiques non professionnelles, b\u00e9n\u00e9ficient d\u2019un d\u00e9lai de r\u00e9tractation de <strong>sept jours<\/strong> \u00e0 compter de la livraison de leur commande pour faire retour du produit au vendeur pour \u00e9change ou remboursement sans p\u00e9nalit\u00e9, \u00e0 l\u2019exception des frais de retour.<\/p>\n<p>Les marchandises doivent \u00eatre retourn\u00e9es dans leur \u00e9tat et emballage d\u2019origine. Le num\u00e9ro de commande doit \u00eatre mentionn\u00e9.<\/p>\n<p><span style=\"color: #ff9900;\"><strong>Article 6 \u2013 Livraison<\/strong><\/span><br \/> Les colis sont g\u00e9n\u00e9ralement exp\u00e9di\u00e9s en 48h apr\u00e8s r\u00e9ception de votre paiement. Le mode d\u2019exp\u00e9didition standard est le Colissimo suivi, remis sans signature. Si vous souhaitez une remise avec signature, un co\u00fbt suppl\u00e9mentaire s\u2019applique, merci de nous contacter. Quel que soit le mode d\u2019exp\u00e9dition choisi, nous vous fournirons d\u00e8s que possible un lien qui vous permettra de suivre en ligne la livraison de votre colis.<\/p>\n<p>Les frais d\u2019exp\u00e9dition comprennent l\u2019emballage, la manutention et les frais postaux. Ils peuvent contenir une partie fixe et une partie variable en fonction du prix ou du poids de votre commande. Nous vous conseillons de regrouper vos achats en une unique commande. Nous ne pouvons pas grouper deux commandes distinctes et vous devrez vous acquitter des frais de port pour chacune d\u2019entre elles. Votre colis est exp\u00e9di\u00e9 \u00e0 vos propres risques, un soin particulier est apport\u00e9 au colis contenant des produits fragiles..<\/p>\n<p>Les colis sont surdimensionn\u00e9s et prot\u00e9g\u00e9s.<\/p>\n<p><span style=\"color: #ff9900;\"><strong>Article 7 \u2013 Garantie\u00a0\/ r\u00e9clamations<br \/> <\/strong><\/span>Tous les produits fournis par le vendeur b\u00e9n\u00e9ficient de la garantie l\u00e9gale pr\u00e9vue par les articles 1641 et suivants du Code civil.<\/p>\n<p>En cas de non-conformit\u00e9 d\u2019un produit vendu, il pourra \u00eatre retourn\u00e9 au vendeur qui le remplacera, l\u2019\u00e9changera contre un produit de m\u00eame valeur ou le remboursera.<\/p>\n<p>Toutes les <strong>r\u00e9clamations, demandes d\u2019\u00e9change ou de remboursement<\/strong> doivent s\u2019effectuer par <strong>voie postale<\/strong> \u00e0 l\u2019adresse suivante : 2040 Rue des Combattants d\u2019Afrique du Nord \u2013 Ca\u00efs centre, Appt B22 \u2013 Fr\u00e9jus, France ou plus simplement <strong>par e-mail<\/strong> \u00e0 artsylva(arobase)yahoo.fr\u00a0<strong>dans un d\u00e9lai de 48h<\/strong> \u00e0 r\u00e9ception des marchandises. L\u2019acheteur dispose apr\u00e8s l\u2019obtention de l\u2019accord de retour d\u2019un d\u00e9lai de <strong>30 jours pour effectuer le retour<\/strong> des marchandises chez le vendeur.<\/p>\n<p>Les emballages doivent \u00eatre conserv\u00e9s. Dans le cas inverse, l\u2019acheteur ne peut b\u00e9n\u00e9ficier de son droit \u00e0 r\u00e9clamation et doit verser une somme forfaitaire afin de couvrir les frais de conditionnement des pi\u00e8ces dont l\u2019emballage d\u2019origine aurait disparu.<\/p>\n<p><span style=\"color: #ff9900;\"><strong>Article 8 \u2013 Responsabilit\u00e9<br \/> <\/strong><\/span>Le vendeur, dans le processus de vente en ligne, n\u2019est tenu que par une obligation de moyens; sa responsabilit\u00e9 ne pourra \u00eatre engag\u00e9e pour un dommage r\u00e9sultant de l\u2019utilisation du r\u00e9seau Internet tel que perte de donn\u00e9es, intrusion, virus, rupture du service, ou autres probl\u00e8mes involontaires.<\/p>\n<p>Tous les \u00e9l\u00e9ments du site\u00a0 cedric-pollet.com sont et restent la propri\u00e9t\u00e9 intellectuelle et exclusive de C\u00e9dric Pollet | Boutique.<\/p>\n<p>Personne n\u2019est autoris\u00e9 \u00e0 reproduire, exploiter, rediffuser, ou utiliser \u00e0 quelque titre que ce soit, m\u00eame partiellement, des \u00e9l\u00e9ments du site qu\u2019ils soient logiciels, visuels ou sonores. Tout lien simple ou par hypertexte est strictement interdit sans un accord \u00e9crit expr\u00e8s de C\u00e9dric Pollet | Boutique.<\/p>\n<p><span style=\"color: #ff9900;\"><strong>Article 9 \u2013 Litiges et clause d\u2019attribution de juridiction<br \/> <\/strong><\/span>Les pr\u00e9sentes conditions de vente en ligne sont soumises \u00e0 la loi fran\u00e7aise.<\/p>\n<p>En cas de litige entre les parties ne pouvant donner lieu \u00e0 un r\u00e8glement \u00e0 l\u2019amiable, comp\u00e9tence est attribu\u00e9 \u00e0 la juridiction du Tribunal de Commerce dans le ressort duquel se trouve le si\u00e8ge de C\u00e9dric Pollet | Boutique<\/p>\n<p>[\/et_pb_text][\/et_pb_column][\/et_pb_row][\/et_pb_section]<\/p>\n","protected":false},"excerpt":{"rendered":"<p>CONDITIONS G\u00c9N\u00c9RALESLe transport de votre colis Les colis sont g\u00e9n\u00e9ralement exp\u00e9di\u00e9s en 48h apr\u00e8s r\u00e9ception de votre paiement. Le mode d\u2019exp\u00e9didition standard est le Colissimo suivi, remis sans signature. Si vous souhaitez une remise avec signature, un co\u00fbt suppl\u00e9mentaire s\u2019applique, merci de nous contacter. Quel que soit le mode d\u2019exp\u00e9dition choisi, nous vous fournirons d\u00e8s [&hellip;]<\/p>\n","protected":false},"author":1,"featured_media":0,"parent":0,"menu_order":0,"comment_status":"closed","ping_status":"closed","template":"","meta":{"_acf_changed":false,"_et_pb_use_builder":"on","_et_pb_old_content":"","_et_gb_content_width":"","footnotes":""},"class_list":["post-3063","page","type-page","status-publish","hentry"],"acf":[],"_links":{"self":[{"href":"https:\/\/cedric-pollet.com\/fr\/wp-json\/wp\/v2\/pages\/3063","targetHints":{"allow":["GET"]}}],"collection":[{"href":"https:\/\/cedric-pollet.com\/fr\/wp-json\/wp\/v2\/pages"}],"about":[{"href":"https:\/\/cedric-pollet.com\/fr\/wp-json\/wp\/v2\/types\/page"}],"author":[{"embeddable":true,"href":"https:\/\/cedric-pollet.com\/fr\/wp-json\/wp\/v2\/users\/1"}],"replies":[{"embeddable":true,"href":"https:\/\/cedric-pollet.com\/fr\/wp-json\/wp\/v2\/comments?post=3063"}],"version-history":[{"count":0,"href":"https:\/\/cedric-pollet.com\/fr\/wp-json\/wp\/v2\/pages\/3063\/revisions"}],"wp:attachment":[{"href":"https:\/\/cedric-pollet.com\/fr\/wp-json\/wp\/v2\/media?parent=3063"}],"curies":[{"name":"wp","href":"https:\/\/api.w.org\/{rel}","templated":true}]}}