{"id":1424,"date":"2019-09-05T13:41:42","date_gmt":"2019-09-05T13:41:42","guid":{"rendered":"https:\/\/cedric-pollet.com\/boutique"},"modified":"2025-12-09T07:02:15","modified_gmt":"2025-12-09T07:02:15","slug":"boutique","status":"publish","type":"page","link":"https:\/\/cedric-pollet.com\/fr\/boutique","title":{"rendered":"Boutique"},"content":{"rendered":"<p>[et_pb_section fb_built=\u00a0\u00bb1&Prime; _builder_version=\u00a0\u00bb4.16&Prime; custom_padding=\u00a0\u00bb0px||0px|||\u00a0\u00bb da_disable_devices=\u00a0\u00bboff|off|off\u00a0\u00bb global_colors_info=\u00a0\u00bb{}\u00a0\u00bb da_is_popup=\u00a0\u00bboff\u00a0\u00bb da_exit_intent=\u00a0\u00bboff\u00a0\u00bb da_has_close=\u00a0\u00bbon\u00a0\u00bb da_alt_close=\u00a0\u00bboff\u00a0\u00bb da_dark_close=\u00a0\u00bboff\u00a0\u00bb da_not_modal=\u00a0\u00bbon\u00a0\u00bb da_is_singular=\u00a0\u00bboff\u00a0\u00bb da_with_loader=\u00a0\u00bboff\u00a0\u00bb da_has_shadow=\u00a0\u00bbon\u00a0\u00bb][et_pb_row _builder_version=\u00a0\u00bb4.16&Prime; width=\u00a0\u00bb100%\u00a0\u00bb max_width=\u00a0\u00bb1920px\u00a0\u00bb custom_padding=\u00a0\u00bb0px||0px||false|false\u00a0\u00bb global_colors_info=\u00a0\u00bb{}\u00a0\u00bb][et_pb_column type=\u00a0\u00bb4_4&Prime; _builder_version=\u00a0\u00bb4.16&Prime; global_colors_info=\u00a0\u00bb{}\u00a0\u00bb][et_pb_image src=\u00a0\u00bbhttps:\/\/cedric-pollet.com\/wp-content\/uploads\/2019\/09\/BOUTIQUESok.jpg\u00a0\u00bb _builder_version=\u00a0\u00bb4.16&Prime; global_colors_info=\u00a0\u00bb{}\u00a0\u00bb][\/et_pb_image][et_pb_text _builder_version=\u00a0\u00bb4.16&Prime; header_font=\u00a0\u00bb|600|||||||\u00a0\u00bb header_text_color=\u00a0\u00bb#ffffff\u00a0\u00bb header_font_size=\u00a0\u00bb97px\u00a0\u00bb custom_margin=\u00a0\u00bb-135px||||false|false\u00a0\u00bb custom_margin_tablet=\u00a0\u00bb-118px||||false|false\u00a0\u00bb custom_margin_phone=\u00a0\u00bb-78px||||false|false\u00a0\u00bb custom_margin_last_edited=\u00a0\u00bbon|phone\u00a0\u00bb header_font_size_tablet=\u00a0\u00bb\u00a0\u00bb header_font_size_phone=\u00a0\u00bb55px\u00a0\u00bb header_font_size_last_edited=\u00a0\u00bbon|phone\u00a0\u00bb global_colors_info=\u00a0\u00bb{}\u00a0\u00bb]<\/p>\n<h1>BOUTIQUE<\/h1>\n<p>[\/et_pb_text][\/et_pb_column][\/et_pb_row][\/et_pb_section][et_pb_section fb_built=\u00a0\u00bb1&Prime; _builder_version=\u00a0\u00bb4.16&Prime; da_disable_devices=\u00a0\u00bboff|off|off\u00a0\u00bb global_colors_info=\u00a0\u00bb{}\u00a0\u00bb da_is_popup=\u00a0\u00bboff\u00a0\u00bb da_exit_intent=\u00a0\u00bboff\u00a0\u00bb da_has_close=\u00a0\u00bbon\u00a0\u00bb da_alt_close=\u00a0\u00bboff\u00a0\u00bb da_dark_close=\u00a0\u00bboff\u00a0\u00bb da_not_modal=\u00a0\u00bbon\u00a0\u00bb da_is_singular=\u00a0\u00bboff\u00a0\u00bb da_with_loader=\u00a0\u00bboff\u00a0\u00bb da_has_shadow=\u00a0\u00bbon\u00a0\u00bb][et_pb_row _builder_version=\u00a0\u00bb4.16&Prime; custom_padding=\u00a0\u00bb0px||0px||false|false\u00a0\u00bb global_colors_info=\u00a0\u00bb{}\u00a0\u00bb][et_pb_column type=\u00a0\u00bb4_4&Prime; _builder_version=\u00a0\u00bb4.16&Prime; global_colors_info=\u00a0\u00bb{}\u00a0\u00bb][et_pb_text _builder_version=\u00a0\u00bb4.27.4&Prime; text_line_height=\u00a0\u00bb1.9em\u00a0\u00bb header_3_line_height=\u00a0\u00bb2.3em\u00a0\u00bb header_4_line_height=\u00a0\u00bb1.9em\u00a0\u00bb hover_enabled=\u00a0\u00bb0&Prime; global_colors_info=\u00a0\u00bb{}\u00a0\u00bb sticky_enabled=\u00a0\u00bb0&Prime;]<\/p>\n<h4 style=\"text-align: center;\"><\/h4>\n<h4 style=\"text-align: center;\">\u00a0De nombreux articles originaux et pour toutes les bourses pour les passionn\u00e9s d&rsquo;arbres et amoureux de la Nature.<\/h4>\n<h4 style=\"text-align: center;\"><span style=\"color: #dd9933;\"><strong>BONNE VISITE !<\/strong><\/span><\/h4>\n<p>[\/et_pb_text][et_pb_code _builder_version=\u00a0\u00bb4.24.0&Prime; _module_preset=\u00a0\u00bbdefault\u00a0\u00bb min_height=\u00a0\u00bb0px\u00a0\u00bb height=\u00a0\u00bb0px\u00a0\u00bb max_height=\u00a0\u00bb0px\u00a0\u00bb custom_margin=\u00a0\u00bb0px||0px||false|false\u00a0\u00bb custom_padding=\u00a0\u00bb0px||||false|false\u00a0\u00bb global_colors_info=\u00a0\u00bb{}\u00a0\u00bb]<\/p>\n<style><!-- [et_pb_line_break_holder] -->.et-waypoint:not(.et_pb_counters) {<!-- [et_pb_line_break_holder] -->    opacity: 1!important;<!-- [et_pb_line_break_holder] -->}<!-- [et_pb_line_break_holder] --><\/style>\n<p>[\/et_pb_code][\/et_pb_column][\/et_pb_row][et_pb_row column_structure=\u00a0\u00bb1_4,1_4,1_4,1_4&Prime; use_custom_gutter=\u00a0\u00bbon\u00a0\u00bb gutter_width=\u00a0\u00bb2&Prime; make_equal=\u00a0\u00bbon\u00a0\u00bb module_class=\u00a0\u00bbfixed-buttons\u00a0\u00bb _builder_version=\u00a0\u00bb4.19.0&Prime; max_width=\u00a0\u00bb1400px\u00a0\u00bb global_colors_info=\u00a0\u00bb{}\u00a0\u00bb][et_pb_column type=\u00a0\u00bb1_4&Prime; _builder_version=\u00a0\u00bb4.16&Prime; custom_padding=\u00a0\u00bb20px|20px|20px|20px|true|true\u00a0\u00bb box_shadow_style=\u00a0\u00bbpreset3&Prime; global_colors_info=\u00a0\u00bb{}\u00a0\u00bb][et_pb_blurb title=\u00a0\u00bbLIVRES\u00a0\u00bb image=\u00a0\u00bbhttps:\/\/cedric-pollet.com\/wp-content\/uploads\/2019\/09\/cedricpollet-3ok.jpg\u00a0\u00bb _builder_version=\u00a0\u00bb4.19.0&Prime; header_font=\u00a0\u00bb|700|||||||\u00a0\u00bb header_text_align=\u00a0\u00bbcenter\u00a0\u00bb header_text_color=\u00a0\u00bb#dd9933&Prime; header_font_size=\u00a0\u00bb29px\u00a0\u00bb min_height=\u00a0\u00bb380px\u00a0\u00bb global_colors_info=\u00a0\u00bb{}\u00a0\u00bb]<\/p>\n<p style=\"text-align: justify;\">Un bel hommage aux arbres et \u00e0 leur \u00e9corces intens\u00e9ment color\u00e9es. Des ouvrages de r\u00e9f\u00e9rences, maintes fois prim\u00e9s, vendus \u00e0 plus de 100.000 ex. et disponibles en plusieurs langues.<\/p>\n<p style=\"text-align: center;\">[\/et_pb_blurb][et_pb_button button_url=\u00a0\u00bbhttps:\/\/cedric-pollet.com\/boutique-livre\u00a0\u00bb button_text=\u00a0\u00bbParcourir\u00a0\u00bb button_alignment=\u00a0\u00bbcenter\u00a0\u00bb _builder_version=\u00a0\u00bb4.19.0&Prime; custom_button=\u00a0\u00bbon\u00a0\u00bb button_text_size=\u00a0\u00bb16px\u00a0\u00bb button_text_color=\u00a0\u00bb#ffffff\u00a0\u00bb button_bg_color=\u00a0\u00bb#dd9933&Prime; button_border_width=\u00a0\u00bb0px\u00a0\u00bb button_border_radius=\u00a0\u00bb4px\u00a0\u00bb positioning=\u00a0\u00bbabsolute\u00a0\u00bb position_origin_a=\u00a0\u00bbbottom_center\u00a0\u00bb vertical_offset=\u00a0\u00bb15px\u00a0\u00bb custom_css_main_element=\u00a0\u00bbwidth:200px!important\u00a0\u00bb box_shadow_style=\u00a0\u00bbpreset3&Prime; global_colors_info=\u00a0\u00bb{}\u00a0\u00bb custom_css_main_element_last_edited=\u00a0\u00bbon|desktop\u00a0\u00bb custom_css_main_element_phone=\u00a0\u00bbwidth:200px!important\u00a0\u00bb custom_css_main_element_tablet=\u00a0\u00bbwidth:200px!important\u00a0\u00bb][\/et_pb_button][\/et_pb_column][et_pb_column type=\u00a0\u00bb1_4&Prime; _builder_version=\u00a0\u00bb4.16&Prime; custom_padding=\u00a0\u00bb20px|20px|20px|20px|true|true\u00a0\u00bb box_shadow_style=\u00a0\u00bbpreset3&Prime; global_colors_info=\u00a0\u00bb{}\u00a0\u00bb][et_pb_blurb title=\u00a0\u00bbCARTERIE\u00a0\u00bb image=\u00a0\u00bbhttps:\/\/cedric-pollet.com\/wp-content\/uploads\/2019\/09\/TEST.jpg\u00a0\u00bb _builder_version=\u00a0\u00bb4.19.0&Prime; header_font=\u00a0\u00bb|700|||||||\u00a0\u00bb header_text_align=\u00a0\u00bbcenter\u00a0\u00bb header_text_color=\u00a0\u00bb#dd9933&Prime; header_font_size=\u00a0\u00bb29px\u00a0\u00bb background_enable_image=\u00a0\u00bboff\u00a0\u00bb min_height=\u00a0\u00bb380px\u00a0\u00bb global_colors_info=\u00a0\u00bb{}\u00a0\u00bb]<\/p>\n<p style=\"text-align: justify;\">Un large choix de calendriers, de cartes postales et marque-pages originaux sur les \u00e9corces et les jardins pour y \u00e9crire vos affectueuses pens\u00e9es ou pourquoi pas \u00eatre encadr\u00e9s.<\/p>\n<p>[\/et_pb_blurb][et_pb_button button_url=\u00a0\u00bbhttps:\/\/cedric-pollet.com\/boutique-carterie\u00a0\u00bb button_text=\u00a0\u00bbParcourir\u00a0\u00bb button_alignment=\u00a0\u00bbcenter\u00a0\u00bb _builder_version=\u00a0\u00bb4.19.0&Prime; custom_button=\u00a0\u00bbon\u00a0\u00bb button_text_size=\u00a0\u00bb16px\u00a0\u00bb button_text_color=\u00a0\u00bb#ffffff\u00a0\u00bb button_bg_color=\u00a0\u00bb#dd9933&Prime; button_border_width=\u00a0\u00bb0px\u00a0\u00bb button_border_radius=\u00a0\u00bb4px\u00a0\u00bb positioning=\u00a0\u00bbabsolute\u00a0\u00bb position_origin_a=\u00a0\u00bbbottom_center\u00a0\u00bb vertical_offset=\u00a0\u00bb15px\u00a0\u00bb custom_css_main_element=\u00a0\u00bbwidth:200px!important\u00a0\u00bb box_shadow_style=\u00a0\u00bbpreset3&Prime; global_colors_info=\u00a0\u00bb{}\u00a0\u00bb custom_css_main_element_last_edited=\u00a0\u00bbon|desktop\u00a0\u00bb custom_css_main_element_phone=\u00a0\u00bbwidth:200px!important\u00a0\u00bb custom_css_main_element_tablet=\u00a0\u00bbwidth:200px!important\u00a0\u00bb][\/et_pb_button][\/et_pb_column][et_pb_column type=\u00a0\u00bb1_4&Prime; _builder_version=\u00a0\u00bb4.16&Prime; custom_padding=\u00a0\u00bb20px|20px|20px|20px|true|true\u00a0\u00bb box_shadow_style=\u00a0\u00bbpreset3&Prime; global_colors_info=\u00a0\u00bb{}\u00a0\u00bb][et_pb_blurb title=\u00a0\u00bbSETS DE TABLE\u00a0\u00bb image=\u00a0\u00bbhttps:\/\/cedric-pollet.com\/wp-content\/uploads\/2023\/05\/Sets-de-table-Chantal.jpg\u00a0\u00bb _builder_version=\u00a0\u00bb4.20.2&Prime; header_font=\u00a0\u00bb|700|||||||\u00a0\u00bb header_text_align=\u00a0\u00bbcenter\u00a0\u00bb header_text_color=\u00a0\u00bb#dd9933&Prime; header_font_size=\u00a0\u00bb29px\u00a0\u00bb min_height=\u00a0\u00bb380px\u00a0\u00bb global_colors_info=\u00a0\u00bb{}\u00a0\u00bb]<\/p>\n<p>Apportez une touche design, \u00e9l\u00e9gante et contemporaine \u00e0 votre table avec des sets color\u00e9s, \u00a0lumineux et de grande qualit\u00e9, s&rsquo;accordant \u00e0 merveille avec votre int\u00e9rieur.<\/p>\n<p>[\/et_pb_blurb][et_pb_button button_url=\u00a0\u00bbhttps:\/\/cedric-pollet.com\/boutique-goodies\u00a0\u00bb button_text=\u00a0\u00bbParcourir\u00a0\u00bb button_alignment=\u00a0\u00bbcenter\u00a0\u00bb _builder_version=\u00a0\u00bb4.19.0&Prime; custom_button=\u00a0\u00bbon\u00a0\u00bb button_text_size=\u00a0\u00bb16px\u00a0\u00bb button_text_color=\u00a0\u00bb#ffffff\u00a0\u00bb button_bg_color=\u00a0\u00bb#dd9933&Prime; button_border_width=\u00a0\u00bb0px\u00a0\u00bb button_border_radius=\u00a0\u00bb4px\u00a0\u00bb positioning=\u00a0\u00bbabsolute\u00a0\u00bb position_origin_a=\u00a0\u00bbbottom_center\u00a0\u00bb vertical_offset=\u00a0\u00bb15px\u00a0\u00bb custom_css_main_element=\u00a0\u00bbwidth:200px!important\u00a0\u00bb box_shadow_style=\u00a0\u00bbpreset3&Prime; global_colors_info=\u00a0\u00bb{}\u00a0\u00bb custom_css_main_element_last_edited=\u00a0\u00bbon|desktop\u00a0\u00bb custom_css_main_element_phone=\u00a0\u00bbwidth:200px!important\u00a0\u00bb custom_css_main_element_tablet=\u00a0\u00bbwidth:200px!important\u00a0\u00bb][\/et_pb_button][\/et_pb_column][et_pb_column type=\u00a0\u00bb1_4&Prime; _builder_version=\u00a0\u00bb4.16&Prime; custom_padding=\u00a0\u00bb20px|20px|20px|20px|true|true\u00a0\u00bb box_shadow_style=\u00a0\u00bbpreset3&Prime; global_colors_info=\u00a0\u00bb{}\u00a0\u00bb][et_pb_blurb title=\u00a0\u00bbTIRAGES\u00a0\u00bb image=\u00a0\u00bbhttps:\/\/cedric-pollet.com\/wp-content\/uploads\/2019\/09\/tirageok3.jpg\u00a0\u00bb _builder_version=\u00a0\u00bb4.19.0&Prime; header_font=\u00a0\u00bb|700|||||||\u00a0\u00bb header_text_align=\u00a0\u00bbcenter\u00a0\u00bb header_text_color=\u00a0\u00bb#dd9933&Prime; header_font_size=\u00a0\u00bb29px\u00a0\u00bb min_height=\u00a0\u00bb380px\u00a0\u00bb global_colors_info=\u00a0\u00bb{}\u00a0\u00bb]<\/p>\n<p class=\"desc\" style=\"text-align: justify;\">Des collections de photos sur les \u00e9corces, les arbres, les palmiers et plus encore, pour les amateurs d\u2019art, les d\u00e9corateurs ou les particuliers qui souhaitent embellir leur int\u00e9rieur.<\/p>\n<p>[\/et_pb_blurb][et_pb_button button_url=\u00a0\u00bbhttps:\/\/cedric-pollet.com\/boutique-tirage\u00a0\u00bb button_text=\u00a0\u00bbParcourir\u00a0\u00bb button_alignment=\u00a0\u00bbcenter\u00a0\u00bb _builder_version=\u00a0\u00bb4.19.0&Prime; custom_button=\u00a0\u00bbon\u00a0\u00bb button_text_size=\u00a0\u00bb16px\u00a0\u00bb button_text_color=\u00a0\u00bb#ffffff\u00a0\u00bb button_bg_color=\u00a0\u00bb#dd9933&Prime; button_border_width=\u00a0\u00bb0px\u00a0\u00bb button_border_radius=\u00a0\u00bb4px\u00a0\u00bb positioning=\u00a0\u00bbabsolute\u00a0\u00bb position_origin_a=\u00a0\u00bbbottom_center\u00a0\u00bb vertical_offset=\u00a0\u00bb15px\u00a0\u00bb custom_css_main_element=\u00a0\u00bbwidth:200px!important\u00a0\u00bb box_shadow_style=\u00a0\u00bbpreset3&Prime; global_colors_info=\u00a0\u00bb{}\u00a0\u00bb custom_css_main_element_last_edited=\u00a0\u00bbon|desktop\u00a0\u00bb custom_css_main_element_phone=\u00a0\u00bbwidth:200px!important\u00a0\u00bb custom_css_main_element_tablet=\u00a0\u00bbwidth:200px!important\u00a0\u00bb][\/et_pb_button][\/et_pb_column][\/et_pb_row][\/et_pb_section]<\/p>\n","protected":false},"excerpt":{"rendered":"<p>BOUTIQUE \u00a0De nombreux articles originaux et pour toutes les bourses pour les passionn\u00e9s d&rsquo;arbres et amoureux de la Nature. BONNE VISITE !Un bel hommage aux arbres et \u00e0 leur \u00e9corces intens\u00e9ment color\u00e9es. Des ouvrages de r\u00e9f\u00e9rences, maintes fois prim\u00e9s, vendus \u00e0 plus de 100.000 ex. et disponibles en plusieurs langues. Un large choix de calendriers, [&hellip;]<\/p>\n","protected":false},"author":1,"featured_media":0,"parent":0,"menu_order":0,"comment_status":"closed","ping_status":"closed","template":"","meta":{"_acf_changed":false,"_et_pb_use_builder":"on","_et_pb_old_content":"","_et_gb_content_width":"","footnotes":""},"class_list":["post-1424","page","type-page","status-publish","hentry"],"acf":[],"_links":{"self":[{"href":"https:\/\/cedric-pollet.com\/fr\/wp-json\/wp\/v2\/pages\/1424","targetHints":{"allow":["GET"]}}],"collection":[{"href":"https:\/\/cedric-pollet.com\/fr\/wp-json\/wp\/v2\/pages"}],"about":[{"href":"https:\/\/cedric-pollet.com\/fr\/wp-json\/wp\/v2\/types\/page"}],"author":[{"embeddable":true,"href":"https:\/\/cedric-pollet.com\/fr\/wp-json\/wp\/v2\/users\/1"}],"replies":[{"embeddable":true,"href":"https:\/\/cedric-pollet.com\/fr\/wp-json\/wp\/v2\/comments?post=1424"}],"version-history":[{"count":9,"href":"https:\/\/cedric-pollet.com\/fr\/wp-json\/wp\/v2\/pages\/1424\/revisions"}],"predecessor-version":[{"id":118654,"href":"https:\/\/cedric-pollet.com\/fr\/wp-json\/wp\/v2\/pages\/1424\/revisions\/118654"}],"wp:attachment":[{"href":"https:\/\/cedric-pollet.com\/fr\/wp-json\/wp\/v2\/media?parent=1424"}],"curies":[{"name":"wp","href":"https:\/\/api.w.org\/{rel}","templated":true}]}}